{"id":18876,"date":"2023-05-22T16:51:24","date_gmt":"2023-05-22T16:51:24","guid":{"rendered":"https:\/\/www.defshell.it\/?page_id=18876"},"modified":"2023-11-15T11:44:44","modified_gmt":"2023-11-15T11:44:44","slug":"officine-hangar-e-magazzini","status":"publish","type":"page","link":"https:\/\/www.defshell.it\/fr\/officine-hangar-e-magazzini\/","title":{"rendered":"Ateliers, hangars et entrep\u00f4ts"},"content":{"rendered":"<div data-elementor-type=\"wp-page\" data-elementor-id=\"18876\" class=\"elementor elementor-18876\">\n\t\t\t\t\t\t<div class=\"elementor-inner\">\n\t\t\t\t<div class=\"elementor-section-wrap\">\n\t\t\t\t\t\t\t\t\t<section class=\"elementor-section elementor-top-section elementor-element elementor-element-b1af3b4 elementor-section-full_width elementor-section-stretched elementor-section-height-default elementor-section-height-default\" data-id=\"b1af3b4\" data-element_type=\"section\" data-settings=\"{&quot;stretch_section&quot;:&quot;section-stretched&quot;,&quot;background_background&quot;:&quot;classic&quot;}\">\n\t\t\t\t\t\t<div class=\"elementor-container elementor-column-gap-no\">\n\t\t\t\t\t\t\t<div class=\"elementor-row\">\n\t\t\t\t\t<div class=\"elementor-column elementor-col-100 elementor-top-column elementor-element elementor-element-2a320236\" data-id=\"2a320236\" data-element_type=\"column\">\n\t\t\t<div class=\"elementor-column-wrap elementor-element-populated\">\n\t\t\t\t\t\t\t<div class=\"elementor-widget-wrap\">\n\t\t\t\t\t\t<div class=\"elementor-element elementor-element-13ab344f elementor-widget__width-initial elementor-absolute elementor-hidden-laptop elementor-hidden-tablet_extra elementor-hidden-tablet elementor-hidden-mobile_extra elementor-hidden-mobile elementor-widget elementor-widget-text-editor\" data-id=\"13ab344f\" data-element_type=\"widget\" data-settings=\"{&quot;_position&quot;:&quot;absolute&quot;}\" data-widget_type=\"text-editor.default\">\n\t\t\t\t<div class=\"elementor-widget-container\">\n\t\t\t\t\t\t\t\t<div class=\"elementor-text-editor elementor-clearfix\">\n\t\t\t\t\t\t\t\t\t<\/div>\n\t\t\t\t\t\t<\/div>\n\t\t\t\t<\/div>\n\t\t\t\t<div class=\"elementor-element elementor-element-6fa09a31 elementor-absolute elementor-hidden-laptop elementor-hidden-tablet_extra elementor-hidden-tablet elementor-hidden-mobile_extra elementor-hidden-mobile decoration-type-1 elementor-widget elementor-widget-industrium_decoration\" data-id=\"6fa09a31\" data-element_type=\"widget\" data-settings=\"{&quot;_position&quot;:&quot;absolute&quot;}\" data-widget_type=\"industrium_decoration.default\">\n\t\t\t\t<div class=\"elementor-widget-container\">\n\t\t\t        <div class=\"decoration-widget\">\n            <div class=\"decoration-container\">\n                <div class=\"industrium-decoration\">\n                    <div><\/div><div><\/div><div><\/div>\n                <\/div>\n            <\/div>\n        <\/div>\n        \t\t<\/div>\n\t\t\t\t<\/div>\n\t\t\t\t<section class=\"elementor-section elementor-inner-section elementor-element elementor-element-6aec569a elementor-section-boxed elementor-section-height-default elementor-section-height-default\" data-id=\"6aec569a\" data-element_type=\"section\">\n\t\t\t\t\t\t<div class=\"elementor-container elementor-column-gap-wide\">\n\t\t\t\t\t\t\t<div class=\"elementor-row\">\n\t\t\t\t\t<div class=\"elementor-column elementor-col-50 elementor-inner-column elementor-element elementor-element-55e02153\" data-id=\"55e02153\" data-element_type=\"column\">\n\t\t\t<div class=\"elementor-column-wrap elementor-element-populated\">\n\t\t\t\t\t\t\t<div class=\"elementor-widget-wrap\">\n\t\t\t\t\t\t<div class=\"elementor-element elementor-element-532f128b elementor-widget elementor-widget-industrium_heading\" data-id=\"532f128b\" data-element_type=\"widget\" data-widget_type=\"industrium_heading.default\">\n\t\t\t\t<div class=\"elementor-widget-container\">\n\t\t\t<div class=\"industrium-heading-widget\"><h2 class=\"industrium-heading\"><span class=\"industrium-subheading\">Applications<\/span><span class=\"industrium-heading-content\"><strong>Ateliers, hangars et entrep\u00f4ts<\/strong><\/span><\/h2><\/div>\t\t<\/div>\n\t\t\t\t<\/div>\n\t\t\t\t\t\t<\/div>\n\t\t\t\t\t<\/div>\n\t\t<\/div>\n\t\t\t\t<div class=\"elementor-column elementor-col-50 elementor-inner-column elementor-element elementor-element-3b6ed7e6\" data-id=\"3b6ed7e6\" data-element_type=\"column\">\n\t\t\t<div class=\"elementor-column-wrap elementor-element-populated\">\n\t\t\t\t\t\t\t<div class=\"elementor-widget-wrap\">\n\t\t\t\t\t\t<div class=\"elementor-element elementor-element-38df3463 elementor-widget elementor-widget-text-editor\" data-id=\"38df3463\" data-element_type=\"widget\" data-widget_type=\"text-editor.default\">\n\t\t\t\t<div class=\"elementor-widget-container\">\n\t\t\t\t\t\t\t\t<div class=\"elementor-text-editor elementor-clearfix\">\n\t\t\t\t<p><span style=\"font-weight: 400;\">Les produits Defshell &amp; Rescue, comme les hangars et les tentes, ont \u00e9t\u00e9 con\u00e7us pour offrir un environnement s\u00fbr et fonctionnel pour la r\u00e9alisation de travaux de maintenance e pour le stockage d\u2019\u00e9quipement dans des contextes op\u00e9rationnels. Notre technologie de pointe assure un assemblage simple, r\u00e9sistance et flexibilit\u00e9 pour s\u2019adapter aux besoins sp\u00e9cifiques des ateliers et des entrep\u00f4ts de campagne.<\/span><\/p>\t\t\t\t\t<\/div>\n\t\t\t\t\t\t<\/div>\n\t\t\t\t<\/div>\n\t\t\t\t<div class=\"elementor-element elementor-element-6be52fa4 elementor-widget elementor-widget-text-editor\" data-id=\"6be52fa4\" data-element_type=\"widget\" data-widget_type=\"text-editor.default\">\n\t\t\t\t<div class=\"elementor-widget-container\">\n\t\t\t\t\t\t\t\t<div class=\"elementor-text-editor elementor-clearfix\">\n\t\t\t\t\t\t\t\t\t<\/div>\n\t\t\t\t\t\t<\/div>\n\t\t\t\t<\/div>\n\t\t\t\t\t\t<\/div>\n\t\t\t\t\t<\/div>\n\t\t<\/div>\n\t\t\t\t\t\t\t\t<\/div>\n\t\t\t\t\t<\/div>\n\t\t<\/section>\n\t\t\t\t\t\t<\/div>\n\t\t\t\t\t<\/div>\n\t\t<\/div>\n\t\t\t\t\t\t\t\t<\/div>\n\t\t\t\t\t<\/div>\n\t\t<\/section>\n\t\t\t\t<section class=\"elementor-section elementor-top-section elementor-element elementor-element-b54600b project-posts elementor-section-boxed elementor-section-height-default elementor-section-height-default\" data-id=\"b54600b\" data-element_type=\"section\">\n\t\t\t\t\t\t<div class=\"elementor-container elementor-column-gap-default\">\n\t\t\t\t\t\t\t<div class=\"elementor-row\">\n\t\t\t\t\t<div class=\"elementor-column elementor-col-100 elementor-top-column elementor-element elementor-element-1d6acc4\" data-id=\"1d6acc4\" data-element_type=\"column\">\n\t\t\t<div class=\"elementor-column-wrap elementor-element-populated\">\n\t\t\t\t\t\t\t<div class=\"elementor-widget-wrap\">\n\t\t\t\t\t\t<div class=\"elementor-element elementor-element-49d04e7 elementor-widget elementor-widget-industrium_projects_listing\" data-id=\"49d04e7\" data-element_type=\"widget\" data-widget_type=\"industrium_projects_listing.default\">\n\t\t\t\t<div class=\"elementor-widget-container\">\n\t\t\t\n        <div class=\"industrium-projects-listing-widget\">\n\n            \n            \n            <div class=\"archive-listing\" data-ajax='{&quot;post_type&quot;:&quot;industrium_project&quot;,&quot;ignore_sticky_posts&quot;:true,&quot;suppress_filters&quot;:true,&quot;orderby&quot;:&quot;date&quot;,&quot;order&quot;:&quot;asc&quot;,&quot;link_base&quot;:&quot;https:\\\/\\\/www.defshell.it\\\/fr\\\/wp-json\\\/wp\\\/v2\\\/pages\\\/18876&quot;,&quot;industrium_project_category&quot;:[&quot;officine-hangar-e-magazzini&quot;],&quot;posts_per_page&quot;:100,&quot;columns_number&quot;:2,&quot;paged&quot;:1}' data-widget='{&quot;item_class&quot;:&quot;project-item-wrapper&quot;,&quot;columns_number&quot;:2,&quot;listing_type&quot;:&quot;grid&quot;,&quot;text_position&quot;:&quot;inside&quot;,&quot;show_categories&quot;:&quot;&quot;,&quot;show_excerpt&quot;:&quot;yes&quot;,&quot;excerpt_length&quot;:71,&quot;show_read_more&quot;:&quot;&quot;,&quot;read_more_text&quot;:&quot;Read More&quot;}'>\n                <div class=\"archive-listing-wrapper project-listing-wrapper text-position-inside project-grid-listing columns-2\">\n                    \n<div class=\"project-item-wrapper post-16952 industrium_project type-industrium_project status-publish has-post-thumbnail hentry industrium_project_category-officine-hangar-e-magazzini\">\n    <div class=\"project-item\">\n        <a href=\"https:\/\/www.defshell.it\/fr\/projects\/hangar-mmts-2\/\" class=\"project-item-link\">\n            <span class=\"project-item-media\"><img decoding=\"async\" alt=\"d002a28b-b3db-473d-8f0c-9426dc65c381-1-1024x482\" title=\"d002a28b-b3db-473d-8f0c-9426dc65c381-1-1024x482\" srcset=\"https:\/\/www.defshell.it\/wp-content\/uploads\/2023\/05\/d002a28b-b3db-473d-8f0c-9426dc65c381-1-1024x482-1-640x479.jpg 535w, https:\/\/www.defshell.it\/wp-content\/uploads\/2023\/05\/d002a28b-b3db-473d-8f0c-9426dc65c381-1-1024x482-1-960x482.jpg 951w, https:\/\/www.defshell.it\/wp-content\/uploads\/2023\/05\/d002a28b-b3db-473d-8f0c-9426dc65c381-1-1024x482-1-960x482.jpg 1170w\" sizes=\"(max-width: 575px) 535px, (max-width: 991px) 951px\" src=\"https:\/\/www.defshell.it\/wp-content\/uploads\/2023\/05\/d002a28b-b3db-473d-8f0c-9426dc65c381-1-1024x482-1-960x482.jpg\" class=\"attachment-industrium_project_grid_2_columns size-industrium_project_grid_2_columns wp-post-image\" \/><\/span><span class=\"project-item-content\"><span class=\"post-title\"><span>Hangar MMTS<\/span><\/span><span class=\"project-item-excerpt\">Officina &#8211; magazzino Deposito mezzi Composizione della fornitura:<\/span><\/span>        <\/a>\n            <\/div>\n<\/div>\n<div class=\"project-item-wrapper post-16951 industrium_project type-industrium_project status-publish has-post-thumbnail hentry industrium_project_category-officine-hangar-e-magazzini\">\n    <div class=\"project-item\">\n        <a href=\"https:\/\/www.defshell.it\/fr\/projects\/hangar-lmt-c130\/\" class=\"project-item-link\">\n            <span class=\"project-item-media\"><img decoding=\"async\" alt=\"Seef\" title=\"Seef\" srcset=\"https:\/\/www.defshell.it\/wp-content\/uploads\/2023\/03\/Seef-640x479.png 535w, https:\/\/www.defshell.it\/wp-content\/uploads\/2023\/03\/Seef-960x518.png 951w, https:\/\/www.defshell.it\/wp-content\/uploads\/2023\/03\/Seef-960x518.png 1170w\" sizes=\"(max-width: 575px) 535px, (max-width: 991px) 951px\" src=\"https:\/\/www.defshell.it\/wp-content\/uploads\/2023\/03\/Seef-960x518.png\" class=\"attachment-industrium_project_grid_2_columns size-industrium_project_grid_2_columns wp-post-image\" \/><\/span><span class=\"project-item-content\"><span class=\"post-title\"><span>Hangar LMT C130<\/span><\/span><span class=\"project-item-excerpt\">Officina &#8211; Deposito &#8211; Aerei Composizione della fornitura: &<\/span><\/span>        <\/a>\n            <\/div>\n<\/div>\n<div class=\"project-item-wrapper post-16947 industrium_project type-industrium_project status-publish has-post-thumbnail hentry industrium_project_category-officine-hangar-e-magazzini\">\n    <div class=\"project-item\">\n        <a href=\"https:\/\/www.defshell.it\/fr\/projects\/hygro-vehicle-storage-tent\/\" class=\"project-item-link\">\n            <span class=\"project-item-media\"><img decoding=\"async\" alt=\"gzkdn\" title=\"gzkdn\" srcset=\"https:\/\/www.defshell.it\/wp-content\/uploads\/2023\/03\/gzkdn-640x479.png 535w, https:\/\/www.defshell.it\/wp-content\/uploads\/2023\/03\/gzkdn-960x641.png 951w, https:\/\/www.defshell.it\/wp-content\/uploads\/2023\/03\/gzkdn-960x641.png 1170w\" sizes=\"(max-width: 575px) 535px, (max-width: 991px) 951px\" src=\"https:\/\/www.defshell.it\/wp-content\/uploads\/2023\/03\/gzkdn-960x641.png\" class=\"attachment-industrium_project_grid_2_columns size-industrium_project_grid_2_columns wp-post-image\" \/><\/span><span class=\"project-item-content\"><span class=\"post-title\"><span>HYGRO Vehicle Storage Tent<\/span><\/span><span class=\"project-item-excerpt\">Deposito mezzi Composizione della fornitura: &nbsp; nr. 1 tenda 15X40 m<\/span><\/span>        <\/a>\n            <\/div>\n<\/div>\n<div class=\"project-item-wrapper post-19110 industrium_project type-industrium_project status-publish has-post-thumbnail hentry industrium_project_category-officine-hangar-e-magazzini\">\n    <div class=\"project-item\">\n        <a href=\"https:\/\/www.defshell.it\/fr\/projects\/hangar-mwt\/\" class=\"project-item-link\">\n            <span class=\"project-item-media\"><img decoding=\"async\" alt=\"e-1\" title=\"e-1\" srcset=\"https:\/\/www.defshell.it\/wp-content\/uploads\/2023\/05\/e-1-640x479.png 535w, https:\/\/www.defshell.it\/wp-content\/uploads\/2023\/05\/e-1.png 951w, https:\/\/www.defshell.it\/wp-content\/uploads\/2023\/05\/e-1.png 1170w\" sizes=\"(max-width: 575px) 535px, (max-width: 991px) 951px\" src=\"https:\/\/www.defshell.it\/wp-content\/uploads\/2023\/05\/e-1.png\" class=\"attachment-industrium_project_grid_2_columns size-industrium_project_grid_2_columns wp-post-image\" \/><\/span><span class=\"project-item-content\"><span class=\"post-title\"><span>Hangar MWT<\/span><\/span><span class=\"project-item-excerpt\">Officina &#8211; Magazzino &#8211; Deposito mezzi Composizione della fo<\/span><\/span>        <\/a>\n            <\/div>\n<\/div>                <\/div>\n\n                            <\/div>\n\n            \n        <\/div>\n        \t\t<\/div>\n\t\t\t\t<\/div>\n\t\t\t\t\t\t<\/div>\n\t\t\t\t\t<\/div>\n\t\t<\/div>\n\t\t\t\t\t\t\t\t<\/div>\n\t\t\t\t\t<\/div>\n\t\t<\/section>\n\t\t\t\t\t\t\t\t\t<\/div>\n\t\t\t<\/div>\n\t\t\t\t\t<\/div>","protected":false},"excerpt":{"rendered":"<p>I prodotti Defshell &amp; Rescue come hangar e tende, sono progettati per offrire un ambiente sicuro e funzionale per l&#8217;effettuazione di lavori di manutenzione e lo stoccaggio di attrezzature in contesti operativi. La nostra tecnologia all&#8217;avanguardia garantisce una facile installazione, resistenza&#8230;<\/p>","protected":false},"author":1,"featured_media":0,"parent":0,"menu_order":0,"comment_status":"closed","ping_status":"closed","template":"","meta":[],"_links":{"self":[{"href":"https:\/\/www.defshell.it\/fr\/wp-json\/wp\/v2\/pages\/18876"}],"collection":[{"href":"https:\/\/www.defshell.it\/fr\/wp-json\/wp\/v2\/pages"}],"about":[{"href":"https:\/\/www.defshell.it\/fr\/wp-json\/wp\/v2\/types\/page"}],"author":[{"embeddable":true,"href":"https:\/\/www.defshell.it\/fr\/wp-json\/wp\/v2\/users\/1"}],"replies":[{"embeddable":true,"href":"https:\/\/www.defshell.it\/fr\/wp-json\/wp\/v2\/comments?post=18876"}],"version-history":[{"count":30,"href":"https:\/\/www.defshell.it\/fr\/wp-json\/wp\/v2\/pages\/18876\/revisions"}],"predecessor-version":[{"id":20038,"href":"https:\/\/www.defshell.it\/fr\/wp-json\/wp\/v2\/pages\/18876\/revisions\/20038"}],"wp:attachment":[{"href":"https:\/\/www.defshell.it\/fr\/wp-json\/wp\/v2\/media?parent=18876"}],"curies":[{"name":"wp","href":"https:\/\/api.w.org\/{rel}","templated":true}]}}