{"id":16430,"date":"2023-03-15T09:35:51","date_gmt":"2023-03-15T09:35:51","guid":{"rendered":"https:\/\/www.defshell.it\/?page_id=16430"},"modified":"2023-05-31T08:19:38","modified_gmt":"2023-05-31T08:19:38","slug":"news","status":"publish","type":"page","link":"https:\/\/www.defshell.it\/fr\/news\/","title":{"rendered":"Nouveaut\u00e9s"},"content":{"rendered":"<div data-elementor-type=\"wp-page\" data-elementor-id=\"16430\" class=\"elementor elementor-16430\">\n\t\t\t\t\t\t<div class=\"elementor-inner\">\n\t\t\t\t<div class=\"elementor-section-wrap\">\n\t\t\t\t\t\t\t\t\t<section class=\"elementor-section elementor-top-section elementor-element elementor-element-53034d1a elementor-section-full_width elementor-section-stretched elementor-section-height-default elementor-section-height-default\" data-id=\"53034d1a\" data-element_type=\"section\" data-settings=\"{&quot;stretch_section&quot;:&quot;section-stretched&quot;,&quot;background_background&quot;:&quot;classic&quot;}\">\n\t\t\t\t\t\t<div class=\"elementor-container elementor-column-gap-no\">\n\t\t\t\t\t\t\t<div class=\"elementor-row\">\n\t\t\t\t\t<div class=\"elementor-column elementor-col-100 elementor-top-column elementor-element elementor-element-25b71ced\" data-id=\"25b71ced\" data-element_type=\"column\">\n\t\t\t<div class=\"elementor-column-wrap elementor-element-populated\">\n\t\t\t\t\t\t\t<div class=\"elementor-widget-wrap\">\n\t\t\t\t\t\t<div class=\"elementor-element elementor-element-2e5cb120 elementor-widget__width-initial elementor-absolute elementor-hidden-laptop elementor-hidden-tablet_extra elementor-hidden-tablet elementor-hidden-mobile_extra elementor-hidden-mobile elementor-widget elementor-widget-text-editor\" data-id=\"2e5cb120\" data-element_type=\"widget\" data-settings=\"{&quot;_position&quot;:&quot;absolute&quot;}\" data-widget_type=\"text-editor.default\">\n\t\t\t\t<div class=\"elementor-widget-container\">\n\t\t\t\t\t\t\t\t<div class=\"elementor-text-editor elementor-clearfix\">\n\t\t\t\t\t\t\t\t\t<\/div>\n\t\t\t\t\t\t<\/div>\n\t\t\t\t<\/div>\n\t\t\t\t<div class=\"elementor-element elementor-element-5d6e8761 elementor-absolute elementor-hidden-laptop elementor-hidden-tablet_extra elementor-hidden-tablet elementor-hidden-mobile_extra elementor-hidden-mobile decoration-type-1 elementor-widget elementor-widget-industrium_decoration\" data-id=\"5d6e8761\" data-element_type=\"widget\" data-settings=\"{&quot;_position&quot;:&quot;absolute&quot;}\" data-widget_type=\"industrium_decoration.default\">\n\t\t\t\t<div class=\"elementor-widget-container\">\n\t\t\t        <div class=\"decoration-widget\">\n            <div class=\"decoration-container\">\n                <div class=\"industrium-decoration\">\n                    <div><\/div><div><\/div><div><\/div>\n                <\/div>\n            <\/div>\n        <\/div>\n        \t\t<\/div>\n\t\t\t\t<\/div>\n\t\t\t\t<section class=\"elementor-section elementor-inner-section elementor-element elementor-element-45919f64 elementor-section-boxed elementor-section-height-default elementor-section-height-default\" data-id=\"45919f64\" data-element_type=\"section\">\n\t\t\t\t\t\t<div class=\"elementor-container elementor-column-gap-wide\">\n\t\t\t\t\t\t\t<div class=\"elementor-row\">\n\t\t\t\t\t<div class=\"elementor-column elementor-col-50 elementor-inner-column elementor-element elementor-element-c74aee0\" data-id=\"c74aee0\" data-element_type=\"column\">\n\t\t\t<div class=\"elementor-column-wrap elementor-element-populated\">\n\t\t\t\t\t\t\t<div class=\"elementor-widget-wrap\">\n\t\t\t\t\t\t<div class=\"elementor-element elementor-element-43c72a2f elementor-widget elementor-widget-industrium_heading\" data-id=\"43c72a2f\" data-element_type=\"widget\" data-widget_type=\"industrium_heading.default\">\n\t\t\t\t<div class=\"elementor-widget-container\">\n\t\t\t<div class=\"industrium-heading-widget\"><h2 class=\"industrium-heading\"><span class=\"industrium-subheading\">G&amp;G Partners<\/span><span class=\"industrium-heading-content\">Nouveaut\u00e9s<\/span><\/h2><\/div>\t\t<\/div>\n\t\t\t\t<\/div>\n\t\t\t\t\t\t<\/div>\n\t\t\t\t\t<\/div>\n\t\t<\/div>\n\t\t\t\t<div class=\"elementor-column elementor-col-50 elementor-inner-column elementor-element elementor-element-5455a512\" data-id=\"5455a512\" data-element_type=\"column\">\n\t\t\t<div class=\"elementor-column-wrap elementor-element-populated\">\n\t\t\t\t\t\t\t<div class=\"elementor-widget-wrap\">\n\t\t\t\t\t\t<div class=\"elementor-element elementor-element-8197d81 elementor-widget elementor-widget-text-editor\" data-id=\"8197d81\" data-element_type=\"widget\" data-widget_type=\"text-editor.default\">\n\t\t\t\t<div class=\"elementor-widget-container\">\n\t\t\t\t\t\t\t\t<div class=\"elementor-text-editor elementor-clearfix\">\n\t\t\t\t<p>Restez \u00e0 jour sur les actualit\u00e9s du secteur. Suivez notre page Nouveaut\u00e9s pour d\u00e9couvrir les derni\u00e8res tendances, les nouvelles technologies et les approfondissements sur les solutions les plus innovantes.<\/p>\t\t\t\t\t<\/div>\n\t\t\t\t\t\t<\/div>\n\t\t\t\t<\/div>\n\t\t\t\t\t\t<\/div>\n\t\t\t\t\t<\/div>\n\t\t<\/div>\n\t\t\t\t\t\t\t\t<\/div>\n\t\t\t\t\t<\/div>\n\t\t<\/section>\n\t\t\t\t\t\t<\/div>\n\t\t\t\t\t<\/div>\n\t\t<\/div>\n\t\t\t\t\t\t\t\t<\/div>\n\t\t\t\t\t<\/div>\n\t\t<\/section>\n\t\t\t\t<section class=\"elementor-section elementor-top-section elementor-element elementor-element-baf1f34 news-block elementor-section-boxed elementor-section-height-default elementor-section-height-default\" data-id=\"baf1f34\" data-element_type=\"section\">\n\t\t\t\t\t\t<div class=\"elementor-container elementor-column-gap-default\">\n\t\t\t\t\t\t\t<div class=\"elementor-row\">\n\t\t\t\t\t<div class=\"elementor-column elementor-col-100 elementor-top-column elementor-element elementor-element-a2e00ca\" data-id=\"a2e00ca\" data-element_type=\"column\">\n\t\t\t<div class=\"elementor-column-wrap elementor-element-populated\">\n\t\t\t\t\t\t\t<div class=\"elementor-widget-wrap\">\n\t\t\t\t\t\t<div class=\"elementor-element elementor-element-00ec5a3 elementor-widget elementor-widget-industrium_blog_listing\" data-id=\"00ec5a3\" data-element_type=\"widget\" data-widget_type=\"industrium_blog_listing.default\">\n\t\t\t\t<div class=\"elementor-widget-container\">\n\t\t\t\n        <div class=\"archive-listing\" data-ajax='{&quot;post_type&quot;:&quot;post&quot;,&quot;posts_per_page&quot;:12,&quot;orderby&quot;:&quot;date&quot;,&quot;order&quot;:&quot;desc&quot;,&quot;paged&quot;:1,&quot;category_name&quot;:&quot;&quot;,&quot;tag&quot;:&quot;&quot;,&quot;post__in&quot;:&quot;&quot;,&quot;ignore_sticky_posts&quot;:false,&quot;link_base&quot;:&quot;https:\\\/\\\/www.defshell.it\\\/fr\\\/wp-json\\\/wp\\\/v2\\\/pages\\\/16430&quot;}' data-widget='{&quot;excerpt_length&quot;:319,&quot;show_cat&quot;:&quot;yes&quot;,&quot;show_media&quot;:&quot;yes&quot;,&quot;show_author&quot;:&quot;&quot;,&quot;show_date&quot;:&quot;&quot;,&quot;show_title&quot;:&quot;yes&quot;,&quot;show_tags&quot;:&quot;&quot;,&quot;show_excerpt&quot;:&quot;&quot;,&quot;show_read_more&quot;:&quot;&quot;,&quot;read_more_text&quot;:&quot;Explore More&quot;,&quot;item_class&quot;:&quot;post grid-item grid-blog-item-wrapper&quot;,&quot;columns_number&quot;:4,&quot;listing_type&quot;:&quot;grid&quot;}'>\n            <div class=\"archive-listing-wrapper grid-listing columns-4\">\n                \n<div class=\"standard-blog-item-wrapper post grid-item grid-blog-item-wrapper post-663 type-post status-publish format-standard has-post-thumbnail hentry category-defshell\">\n    <div class=\"blog-item\">\n        <div class=\"post-media-wrapper\"><a href=\"https:\/\/www.defshell.it\/fr\/tecnologia-smart-energy-partnership-nato\/\"><picture><source media=\"(max-width: 575px)\" sizes=\"(max-width: 535px) 535px\" srcset=\"https:\/\/www.defshell.it\/wp-content\/uploads\/2023\/03\/unnamed-1-640x800.jpg 535w\"><source media=\"(max-width: 991px)\" sizes=\"(max-width: 951px) 951px\" srcset=\"https:\/\/www.defshell.it\/wp-content\/uploads\/2023\/03\/unnamed-1-480x600.jpg 951w\"><img decoding=\"async\" alt=\"unnamed (1)\" title=\"unnamed (1)\" src=\"https:\/\/www.defshell.it\/wp-content\/uploads\/2023\/03\/unnamed-1-480x600.jpg\" class=\"attachment-industrium_post_grid_4_columns size-industrium_post_grid_4_columns wp-post-image\" \/><\/picture><\/a><\/div><div class=\"post-labels\"><div class=\"post-categories\"><a class=\"post-category-item\" href=\"https:\/\/www.defshell.it\/fr\/category\/defshell\/\">DefShell<\/a><\/div><\/div><h5 class=\"post-title\"><a href=\"https:\/\/www.defshell.it\/fr\/tecnologia-smart-energy-partnership-nato\/\">G&amp;G Partners: un cas de succ\u00e8s dans la technologie Smart Energy en partenariat avec OTAN<\/a><\/h5>    <\/div>\n<\/div>            <\/div>\n\n                    <\/div>\n        \t\t<\/div>\n\t\t\t\t<\/div>\n\t\t\t\t\t\t<\/div>\n\t\t\t\t\t<\/div>\n\t\t<\/div>\n\t\t\t\t\t\t\t\t<\/div>\n\t\t\t\t\t<\/div>\n\t\t<\/section>\n\t\t\t\t\t\t\t\t\t<\/div>\n\t\t\t<\/div>\n\t\t\t\t\t<\/div>","protected":false},"excerpt":{"rendered":"<p>Restez \u00e0 jour sur les actualit\u00e9s du secteur. Suivez notre page Nouveaut\u00e9s pour d\u00e9couvrir les derni\u00e8res tendances, les nouvelles technologies et les approfondissements sur les solutions les plus innovantes.<\/p>","protected":false},"author":1,"featured_media":0,"parent":0,"menu_order":0,"comment_status":"closed","ping_status":"closed","template":"","meta":[],"_links":{"self":[{"href":"https:\/\/www.defshell.it\/fr\/wp-json\/wp\/v2\/pages\/16430"}],"collection":[{"href":"https:\/\/www.defshell.it\/fr\/wp-json\/wp\/v2\/pages"}],"about":[{"href":"https:\/\/www.defshell.it\/fr\/wp-json\/wp\/v2\/types\/page"}],"author":[{"embeddable":true,"href":"https:\/\/www.defshell.it\/fr\/wp-json\/wp\/v2\/users\/1"}],"replies":[{"embeddable":true,"href":"https:\/\/www.defshell.it\/fr\/wp-json\/wp\/v2\/comments?post=16430"}],"version-history":[{"count":25,"href":"https:\/\/www.defshell.it\/fr\/wp-json\/wp\/v2\/pages\/16430\/revisions"}],"predecessor-version":[{"id":19343,"href":"https:\/\/www.defshell.it\/fr\/wp-json\/wp\/v2\/pages\/16430\/revisions\/19343"}],"wp:attachment":[{"href":"https:\/\/www.defshell.it\/fr\/wp-json\/wp\/v2\/media?parent=16430"}],"curies":[{"name":"wp","href":"https:\/\/api.w.org\/{rel}","templated":true}]}}