{"id":16089,"date":"2023-03-09T11:51:43","date_gmt":"2023-03-09T11:51:43","guid":{"rendered":"https:\/\/www.defshell.it\/?page_id=16089"},"modified":"2023-11-15T11:39:16","modified_gmt":"2023-11-15T11:39:16","slug":"sistemi-campali","status":"publish","type":"page","link":"https:\/\/www.defshell.it\/fr\/sistemi-campali\/","title":{"rendered":"Camps et bases vie militaire"},"content":{"rendered":"<div data-elementor-type=\"wp-page\" data-elementor-id=\"16089\" class=\"elementor elementor-16089\">\n\t\t\t\t\t\t<div class=\"elementor-inner\">\n\t\t\t\t<div class=\"elementor-section-wrap\">\n\t\t\t\t\t\t\t\t\t<section class=\"elementor-section elementor-top-section elementor-element elementor-element-b1af3b4 elementor-section-full_width elementor-section-stretched elementor-section-height-default elementor-section-height-default\" data-id=\"b1af3b4\" data-element_type=\"section\" data-settings=\"{&quot;stretch_section&quot;:&quot;section-stretched&quot;,&quot;background_background&quot;:&quot;classic&quot;}\">\n\t\t\t\t\t\t<div class=\"elementor-container elementor-column-gap-no\">\n\t\t\t\t\t\t\t<div class=\"elementor-row\">\n\t\t\t\t\t<div class=\"elementor-column elementor-col-100 elementor-top-column elementor-element elementor-element-2a320236\" data-id=\"2a320236\" data-element_type=\"column\">\n\t\t\t<div class=\"elementor-column-wrap elementor-element-populated\">\n\t\t\t\t\t\t\t<div class=\"elementor-widget-wrap\">\n\t\t\t\t\t\t<div class=\"elementor-element elementor-element-13ab344f elementor-widget__width-initial elementor-absolute elementor-hidden-laptop elementor-hidden-tablet_extra elementor-hidden-tablet elementor-hidden-mobile_extra elementor-hidden-mobile elementor-widget elementor-widget-text-editor\" data-id=\"13ab344f\" data-element_type=\"widget\" data-settings=\"{&quot;_position&quot;:&quot;absolute&quot;}\" data-widget_type=\"text-editor.default\">\n\t\t\t\t<div class=\"elementor-widget-container\">\n\t\t\t\t\t\t\t\t<div class=\"elementor-text-editor elementor-clearfix\">\n\t\t\t\t\t\t\t\t\t<\/div>\n\t\t\t\t\t\t<\/div>\n\t\t\t\t<\/div>\n\t\t\t\t<div class=\"elementor-element elementor-element-6fa09a31 elementor-absolute elementor-hidden-laptop elementor-hidden-tablet_extra elementor-hidden-tablet elementor-hidden-mobile_extra elementor-hidden-mobile decoration-type-1 elementor-widget elementor-widget-industrium_decoration\" data-id=\"6fa09a31\" data-element_type=\"widget\" data-settings=\"{&quot;_position&quot;:&quot;absolute&quot;}\" data-widget_type=\"industrium_decoration.default\">\n\t\t\t\t<div class=\"elementor-widget-container\">\n\t\t\t        <div class=\"decoration-widget\">\n            <div class=\"decoration-container\">\n                <div class=\"industrium-decoration\">\n                    <div><\/div><div><\/div><div><\/div>\n                <\/div>\n            <\/div>\n        <\/div>\n        \t\t<\/div>\n\t\t\t\t<\/div>\n\t\t\t\t<section class=\"elementor-section elementor-inner-section elementor-element elementor-element-6aec569a elementor-section-boxed elementor-section-height-default elementor-section-height-default\" data-id=\"6aec569a\" data-element_type=\"section\">\n\t\t\t\t\t\t<div class=\"elementor-container elementor-column-gap-wide\">\n\t\t\t\t\t\t\t<div class=\"elementor-row\">\n\t\t\t\t\t<div class=\"elementor-column elementor-col-50 elementor-inner-column elementor-element elementor-element-55e02153\" data-id=\"55e02153\" data-element_type=\"column\">\n\t\t\t<div class=\"elementor-column-wrap elementor-element-populated\">\n\t\t\t\t\t\t\t<div class=\"elementor-widget-wrap\">\n\t\t\t\t\t\t<div class=\"elementor-element elementor-element-532f128b elementor-widget elementor-widget-industrium_heading\" data-id=\"532f128b\" data-element_type=\"widget\" data-widget_type=\"industrium_heading.default\">\n\t\t\t\t<div class=\"elementor-widget-container\">\n\t\t\t<div class=\"industrium-heading-widget\"><h2 class=\"industrium-heading\"><span class=\"industrium-heading-content\">Applications<\/span><\/h2><\/div>\t\t<\/div>\n\t\t\t\t<\/div>\n\t\t\t\t\t\t<\/div>\n\t\t\t\t\t<\/div>\n\t\t<\/div>\n\t\t\t\t<div class=\"elementor-column elementor-col-50 elementor-inner-column elementor-element elementor-element-3b6ed7e6\" data-id=\"3b6ed7e6\" data-element_type=\"column\">\n\t\t\t<div class=\"elementor-column-wrap elementor-element-populated\">\n\t\t\t\t\t\t\t<div class=\"elementor-widget-wrap\">\n\t\t\t\t\t\t<div class=\"elementor-element elementor-element-38df3463 elementor-widget elementor-widget-text-editor\" data-id=\"38df3463\" data-element_type=\"widget\" data-widget_type=\"text-editor.default\">\n\t\t\t\t<div class=\"elementor-widget-container\">\n\t\t\t\t\t\t\t\t<div class=\"elementor-text-editor elementor-clearfix\">\n\t\t\t\t<p><span style=\"font-weight: 400;\">Defshell &amp; Rescue offre des solutions innovantes pour les syst\u00e8mes de vie militaire. Soutenus par notre technologie de pointe, nous pouvons fournir des tentes, des hangars, des abris, des syst\u00e8mes d\u2019\u00e9nergie et des h\u00f4pitaux de campagne pour les secteurs de la D\u00e9fense et du Secours. Gr\u00e2ce \u00e0 l\u2019utilisation de mat\u00e9riaux de haute qualit\u00e9, nos produits sont l\u00e9gers, r\u00e9sistants, \u00e0 haute prestation, efficaces et facilement transportables si la situation est critique.<\/span><\/p>\t\t\t\t\t<\/div>\n\t\t\t\t\t\t<\/div>\n\t\t\t\t<\/div>\n\t\t\t\t<div class=\"elementor-element elementor-element-6be52fa4 elementor-widget elementor-widget-text-editor\" data-id=\"6be52fa4\" data-element_type=\"widget\" data-widget_type=\"text-editor.default\">\n\t\t\t\t<div class=\"elementor-widget-container\">\n\t\t\t\t\t\t\t\t<div class=\"elementor-text-editor elementor-clearfix\">\n\t\t\t\t\t\t\t\t\t<\/div>\n\t\t\t\t\t\t<\/div>\n\t\t\t\t<\/div>\n\t\t\t\t\t\t<\/div>\n\t\t\t\t\t<\/div>\n\t\t<\/div>\n\t\t\t\t\t\t\t\t<\/div>\n\t\t\t\t\t<\/div>\n\t\t<\/section>\n\t\t\t\t\t\t<\/div>\n\t\t\t\t\t<\/div>\n\t\t<\/div>\n\t\t\t\t\t\t\t\t<\/div>\n\t\t\t\t\t<\/div>\n\t\t<\/section>\n\t\t\t\t<section class=\"elementor-section elementor-top-section elementor-element elementor-element-b54600b project-posts elementor-section-boxed elementor-section-height-default elementor-section-height-default\" data-id=\"b54600b\" data-element_type=\"section\">\n\t\t\t\t\t\t<div class=\"elementor-container elementor-column-gap-default\">\n\t\t\t\t\t\t\t<div class=\"elementor-row\">\n\t\t\t\t\t<div class=\"elementor-column elementor-col-100 elementor-top-column elementor-element elementor-element-1d6acc4\" data-id=\"1d6acc4\" data-element_type=\"column\">\n\t\t\t<div class=\"elementor-column-wrap elementor-element-populated\">\n\t\t\t\t\t\t\t<div class=\"elementor-widget-wrap\">\n\t\t\t\t\t\t<div class=\"elementor-element elementor-element-49d04e7 elementor-widget elementor-widget-industrium_projects_listing\" data-id=\"49d04e7\" data-element_type=\"widget\" data-widget_type=\"industrium_projects_listing.default\">\n\t\t\t\t<div class=\"elementor-widget-container\">\n\t\t\t\n        <div class=\"industrium-projects-listing-widget\">\n\n            \n            \n            <div class=\"archive-listing\" data-ajax='{&quot;post_type&quot;:&quot;industrium_project&quot;,&quot;ignore_sticky_posts&quot;:true,&quot;suppress_filters&quot;:true,&quot;orderby&quot;:&quot;date&quot;,&quot;order&quot;:&quot;asc&quot;,&quot;link_base&quot;:&quot;https:\\\/\\\/www.defshell.it\\\/fr\\\/wp-json\\\/wp\\\/v2\\\/pages\\\/16089&quot;,&quot;industrium_project_category&quot;:[&quot;sistemi-campali&quot;],&quot;posts_per_page&quot;:100,&quot;columns_number&quot;:2,&quot;paged&quot;:1}' data-widget='{&quot;item_class&quot;:&quot;project-item-wrapper&quot;,&quot;columns_number&quot;:2,&quot;listing_type&quot;:&quot;grid&quot;,&quot;text_position&quot;:&quot;inside&quot;,&quot;show_categories&quot;:&quot;&quot;,&quot;show_excerpt&quot;:&quot;yes&quot;,&quot;excerpt_length&quot;:71,&quot;show_read_more&quot;:&quot;&quot;,&quot;read_more_text&quot;:&quot;Read More&quot;}'>\n                <div class=\"archive-listing-wrapper project-listing-wrapper text-position-inside project-grid-listing columns-2\">\n                    \n<div class=\"project-item-wrapper post-3540 industrium_project type-industrium_project status-publish has-post-thumbnail hentry industrium_project_category-sistemi-campali\">\n    <div class=\"project-item\">\n        <a href=\"https:\/\/www.defshell.it\/fr\/projects\/jfacc\/\" class=\"project-item-link\">\n            <span class=\"project-item-media\"><img decoding=\"async\" alt=\"13-JOINT-FORCE-AIR-COMPONENT-COMMAND\" title=\"13-JOINT-FORCE-AIR-COMPONENT-COMMAND\" srcset=\"https:\/\/www.defshell.it\/wp-content\/uploads\/2022\/08\/13-JOINT-FORCE-AIR-COMPONENT-COMMAND-640x479.jpg 535w, https:\/\/www.defshell.it\/wp-content\/uploads\/2022\/08\/13-JOINT-FORCE-AIR-COMPONENT-COMMAND-960x718.jpg 951w, https:\/\/www.defshell.it\/wp-content\/uploads\/2022\/08\/13-JOINT-FORCE-AIR-COMPONENT-COMMAND-960x718.jpg 1170w\" sizes=\"(max-width: 575px) 535px, (max-width: 991px) 951px\" src=\"https:\/\/www.defshell.it\/wp-content\/uploads\/2022\/08\/13-JOINT-FORCE-AIR-COMPONENT-COMMAND-960x718.jpg\" class=\"attachment-industrium_project_grid_2_columns size-industrium_project_grid_2_columns wp-post-image\" \/><\/span><span class=\"project-item-content\"><span class=\"post-title\"><span>\u201cJFACC\u201d Joint Force Air Command and Control<\/span><\/span><span class=\"project-item-excerpt\">Sistema campale complesso multifunzionale Composizione della fornitura:<\/span><\/span>        <\/a>\n            <\/div>\n<\/div>\n<div class=\"project-item-wrapper post-3536 industrium_project type-industrium_project status-publish has-post-thumbnail hentry industrium_project_category-sistemi-campali\">\n    <div class=\"project-item\">\n        <a href=\"https:\/\/www.defshell.it\/fr\/projects\/96-pax\/\" class=\"project-item-link\">\n            <span class=\"project-item-media\"><img decoding=\"async\" alt=\"34\" title=\"34\" srcset=\"https:\/\/www.defshell.it\/wp-content\/uploads\/2022\/08\/34-640x479.png 535w, https:\/\/www.defshell.it\/wp-content\/uploads\/2022\/08\/34.png 951w, https:\/\/www.defshell.it\/wp-content\/uploads\/2022\/08\/34.png 1170w\" sizes=\"(max-width: 575px) 535px, (max-width: 991px) 951px\" src=\"https:\/\/www.defshell.it\/wp-content\/uploads\/2022\/08\/34.png\" class=\"attachment-industrium_project_grid_2_columns size-industrium_project_grid_2_columns wp-post-image\" \/><\/span><span class=\"project-item-content\"><span class=\"post-title\"><span>\u201cEASY FIX\u201d Camp projetable 96 personnes<\/span><\/span><span class=\"project-item-excerpt\">Composizione della fornitura: &nbsp; nr. 12 6X6 tende Easy-fix dormitor<\/span><\/span>        <\/a>\n            <\/div>\n<\/div>\n<div class=\"project-item-wrapper post-15196 industrium_project type-industrium_project status-publish has-post-thumbnail hentry industrium_project_category-sistemi-campali\">\n    <div class=\"project-item\">\n        <a href=\"https:\/\/www.defshell.it\/fr\/projects\/croce-rossa\/\" class=\"project-item-link\">\n            <span class=\"project-item-media\"><img decoding=\"async\" alt=\"croce-min\" title=\"croce-min\" srcset=\"https:\/\/www.defshell.it\/wp-content\/uploads\/2022\/08\/croce-min-480x479.png 535w, https:\/\/www.defshell.it\/wp-content\/uploads\/2022\/08\/croce-min.png 951w, https:\/\/www.defshell.it\/wp-content\/uploads\/2022\/08\/croce-min.png 1170w\" sizes=\"(max-width: 575px) 535px, (max-width: 991px) 951px\" src=\"https:\/\/www.defshell.it\/wp-content\/uploads\/2022\/08\/croce-min.png\" class=\"attachment-industrium_project_grid_2_columns size-industrium_project_grid_2_columns wp-post-image\" \/><\/span><span class=\"project-item-content\"><span class=\"post-title\"><span>\u201cERU\" Unit\u00e9 Rapide de Secours pour la Croix Rouge Italienne<\/span><\/span><span class=\"project-item-excerpt\">Unit\u00e0 di emergenza rapida Composizione della fornitura: &nbsp; nr. 8 6<\/span><\/span>        <\/a>\n            <\/div>\n<\/div>\n<div class=\"project-item-wrapper post-3734 industrium_project type-industrium_project status-publish has-post-thumbnail hentry industrium_project_category-sistemi-campali\">\n    <div class=\"project-item\">\n        <a href=\"https:\/\/www.defshell.it\/fr\/projects\/vigili-del-fuoco\/\" class=\"project-item-link\">\n            <span class=\"project-item-media\"><img decoding=\"async\" alt=\"2-QUICKLY-SYSTEM-FIELD-TENT-2048x969\" title=\"2-QUICKLY-SYSTEM-FIELD-TENT-2048x969\" srcset=\"https:\/\/www.defshell.it\/wp-content\/uploads\/2022\/08\/2-QUICKLY-SYSTEM-FIELD-TENT-2048x969-1-e1685520950903-640x479.jpg 535w, https:\/\/www.defshell.it\/wp-content\/uploads\/2022\/08\/2-QUICKLY-SYSTEM-FIELD-TENT-2048x969-1-e1685520950903-960x536.jpg 951w, https:\/\/www.defshell.it\/wp-content\/uploads\/2022\/08\/2-QUICKLY-SYSTEM-FIELD-TENT-2048x969-1-e1685520950903-960x536.jpg 1170w\" sizes=\"(max-width: 575px) 535px, (max-width: 991px) 951px\" src=\"https:\/\/www.defshell.it\/wp-content\/uploads\/2022\/08\/2-QUICKLY-SYSTEM-FIELD-TENT-2048x969-1-e1685520950903-960x536.jpg\" class=\"attachment-industrium_project_grid_2_columns size-industrium_project_grid_2_columns wp-post-image\" \/><\/span><span class=\"project-item-content\"><span class=\"post-title\"><span>\u00abQUICKLY\u00bb Camp \u00e0 d\u00e9ploiement rapide pour les Pompiers<\/span><\/span><span class=\"project-item-excerpt\">Rapid deployment Camp &#8211; &lt;&lt;Quickly&gt;&gt; Composizione dell<\/span><\/span>        <\/a>\n            <\/div>\n<\/div>                <\/div>\n\n                            <\/div>\n\n            \n        <\/div>\n        \t\t<\/div>\n\t\t\t\t<\/div>\n\t\t\t\t\t\t<\/div>\n\t\t\t\t\t<\/div>\n\t\t<\/div>\n\t\t\t\t\t\t\t\t<\/div>\n\t\t\t\t\t<\/div>\n\t\t<\/section>\n\t\t\t\t\t\t\t\t\t<\/div>\n\t\t\t<\/div>\n\t\t\t\t\t<\/div>","protected":false},"excerpt":{"rendered":"<p>Defshell &amp; Rescue offre soluzioni all&#8217;avanguardia per i sistemi campali. Con la nostra innovativa tecnologia, forniamo tende, hangar, sistemi energetici e ospedali campali per i settori della Difesa e del Soccorso. Grazie all\u2019impiego di materiali di alta qualit\u00e0, i nostri prodotti&#8230;<\/p>","protected":false},"author":1,"featured_media":0,"parent":0,"menu_order":0,"comment_status":"closed","ping_status":"closed","template":"","meta":[],"_links":{"self":[{"href":"https:\/\/www.defshell.it\/fr\/wp-json\/wp\/v2\/pages\/16089"}],"collection":[{"href":"https:\/\/www.defshell.it\/fr\/wp-json\/wp\/v2\/pages"}],"about":[{"href":"https:\/\/www.defshell.it\/fr\/wp-json\/wp\/v2\/types\/page"}],"author":[{"embeddable":true,"href":"https:\/\/www.defshell.it\/fr\/wp-json\/wp\/v2\/users\/1"}],"replies":[{"embeddable":true,"href":"https:\/\/www.defshell.it\/fr\/wp-json\/wp\/v2\/comments?post=16089"}],"version-history":[{"count":77,"href":"https:\/\/www.defshell.it\/fr\/wp-json\/wp\/v2\/pages\/16089\/revisions"}],"predecessor-version":[{"id":20031,"href":"https:\/\/www.defshell.it\/fr\/wp-json\/wp\/v2\/pages\/16089\/revisions\/20031"}],"wp:attachment":[{"href":"https:\/\/www.defshell.it\/fr\/wp-json\/wp\/v2\/media?parent=16089"}],"curies":[{"name":"wp","href":"https:\/\/api.w.org\/{rel}","templated":true}]}}