{"id":18874,"date":"2023-05-22T16:50:57","date_gmt":"2023-05-22T16:50:57","guid":{"rendered":"https:\/\/www.defshell.it\/?page_id=18874"},"modified":"2023-11-15T11:43:55","modified_gmt":"2023-11-15T11:43:55","slug":"ospedali-campali","status":"publish","type":"page","link":"https:\/\/www.defshell.it\/es\/ospedali-campali\/","title":{"rendered":"Hospitales de campa\u00f1a"},"content":{"rendered":"<div data-elementor-type=\"wp-page\" data-elementor-id=\"18874\" class=\"elementor elementor-18874\">\n\t\t\t\t\t\t<div class=\"elementor-inner\">\n\t\t\t\t<div class=\"elementor-section-wrap\">\n\t\t\t\t\t\t\t\t\t<section class=\"elementor-section elementor-top-section elementor-element elementor-element-b1af3b4 elementor-section-full_width elementor-section-stretched elementor-section-height-default elementor-section-height-default\" data-id=\"b1af3b4\" data-element_type=\"section\" data-settings=\"{&quot;stretch_section&quot;:&quot;section-stretched&quot;,&quot;background_background&quot;:&quot;classic&quot;}\">\n\t\t\t\t\t\t<div class=\"elementor-container elementor-column-gap-no\">\n\t\t\t\t\t\t\t<div class=\"elementor-row\">\n\t\t\t\t\t<div class=\"elementor-column elementor-col-100 elementor-top-column elementor-element elementor-element-2a320236\" data-id=\"2a320236\" data-element_type=\"column\">\n\t\t\t<div class=\"elementor-column-wrap elementor-element-populated\">\n\t\t\t\t\t\t\t<div class=\"elementor-widget-wrap\">\n\t\t\t\t\t\t<div class=\"elementor-element elementor-element-13ab344f elementor-widget__width-initial elementor-absolute elementor-hidden-laptop elementor-hidden-tablet_extra elementor-hidden-tablet elementor-hidden-mobile_extra elementor-hidden-mobile elementor-widget elementor-widget-text-editor\" data-id=\"13ab344f\" data-element_type=\"widget\" data-settings=\"{&quot;_position&quot;:&quot;absolute&quot;}\" data-widget_type=\"text-editor.default\">\n\t\t\t\t<div class=\"elementor-widget-container\">\n\t\t\t\t\t\t\t\t<div class=\"elementor-text-editor elementor-clearfix\">\n\t\t\t\t\t\t\t\t\t<\/div>\n\t\t\t\t\t\t<\/div>\n\t\t\t\t<\/div>\n\t\t\t\t<div class=\"elementor-element elementor-element-6fa09a31 elementor-absolute elementor-hidden-laptop elementor-hidden-tablet_extra elementor-hidden-tablet elementor-hidden-mobile_extra elementor-hidden-mobile decoration-type-1 elementor-widget elementor-widget-industrium_decoration\" data-id=\"6fa09a31\" data-element_type=\"widget\" data-settings=\"{&quot;_position&quot;:&quot;absolute&quot;}\" data-widget_type=\"industrium_decoration.default\">\n\t\t\t\t<div class=\"elementor-widget-container\">\n\t\t\t        <div class=\"decoration-widget\">\n            <div class=\"decoration-container\">\n                <div class=\"industrium-decoration\">\n                    <div><\/div><div><\/div><div><\/div>\n                <\/div>\n            <\/div>\n        <\/div>\n        \t\t<\/div>\n\t\t\t\t<\/div>\n\t\t\t\t<section class=\"elementor-section elementor-inner-section elementor-element elementor-element-6aec569a elementor-section-boxed elementor-section-height-default elementor-section-height-default\" data-id=\"6aec569a\" data-element_type=\"section\">\n\t\t\t\t\t\t<div class=\"elementor-container elementor-column-gap-wide\">\n\t\t\t\t\t\t\t<div class=\"elementor-row\">\n\t\t\t\t\t<div class=\"elementor-column elementor-col-50 elementor-inner-column elementor-element elementor-element-55e02153\" data-id=\"55e02153\" data-element_type=\"column\">\n\t\t\t<div class=\"elementor-column-wrap elementor-element-populated\">\n\t\t\t\t\t\t\t<div class=\"elementor-widget-wrap\">\n\t\t\t\t\t\t<div class=\"elementor-element elementor-element-532f128b elementor-widget elementor-widget-industrium_heading\" data-id=\"532f128b\" data-element_type=\"widget\" data-widget_type=\"industrium_heading.default\">\n\t\t\t\t<div class=\"elementor-widget-container\">\n\t\t\t<div class=\"industrium-heading-widget\"><h2 class=\"industrium-heading\"><span class=\"industrium-subheading\">Aplicaciones <\/span><span class=\"industrium-heading-content\">Hospitales de campa\u00f1a<\/span><\/h2><\/div>\t\t<\/div>\n\t\t\t\t<\/div>\n\t\t\t\t\t\t<\/div>\n\t\t\t\t\t<\/div>\n\t\t<\/div>\n\t\t\t\t<div class=\"elementor-column elementor-col-50 elementor-inner-column elementor-element elementor-element-3b6ed7e6\" data-id=\"3b6ed7e6\" data-element_type=\"column\">\n\t\t\t<div class=\"elementor-column-wrap elementor-element-populated\">\n\t\t\t\t\t\t\t<div class=\"elementor-widget-wrap\">\n\t\t\t\t\t\t<div class=\"elementor-element elementor-element-38df3463 elementor-widget elementor-widget-text-editor\" data-id=\"38df3463\" data-element_type=\"widget\" data-widget_type=\"text-editor.default\">\n\t\t\t\t<div class=\"elementor-widget-container\">\n\t\t\t\t\t\t\t\t<div class=\"elementor-text-editor elementor-clearfix\">\n\t\t\t\t<p><span style=\"font-weight: 400;\">Defshell &amp; Rescue es un proveedor l\u00edder de soluciones avanzadas para hospitales de campa\u00f1a. Nuestra gama de productos comprende carpas y estructuras especializadas dise\u00f1adas espec\u00edficamente para responder a las necesidades de los sectores de Defensa y de Emergencia Civil. Gracias a nuestra tecnolog\u00eda de vanguardia, proporcionamos hospitales de campa\u00f1a altamente funcionales, ligeros y f\u00e1ciles de transportar. M\u00e1s informaci\u00f3n sobre nuestros productos.<\/span><\/p>\t\t\t\t\t<\/div>\n\t\t\t\t\t\t<\/div>\n\t\t\t\t<\/div>\n\t\t\t\t<div class=\"elementor-element elementor-element-6be52fa4 elementor-widget elementor-widget-text-editor\" data-id=\"6be52fa4\" data-element_type=\"widget\" data-widget_type=\"text-editor.default\">\n\t\t\t\t<div class=\"elementor-widget-container\">\n\t\t\t\t\t\t\t\t<div class=\"elementor-text-editor elementor-clearfix\">\n\t\t\t\t\t\t\t\t\t<\/div>\n\t\t\t\t\t\t<\/div>\n\t\t\t\t<\/div>\n\t\t\t\t\t\t<\/div>\n\t\t\t\t\t<\/div>\n\t\t<\/div>\n\t\t\t\t\t\t\t\t<\/div>\n\t\t\t\t\t<\/div>\n\t\t<\/section>\n\t\t\t\t\t\t<\/div>\n\t\t\t\t\t<\/div>\n\t\t<\/div>\n\t\t\t\t\t\t\t\t<\/div>\n\t\t\t\t\t<\/div>\n\t\t<\/section>\n\t\t\t\t<section class=\"elementor-section elementor-top-section elementor-element elementor-element-b54600b project-posts elementor-section-boxed elementor-section-height-default elementor-section-height-default\" data-id=\"b54600b\" data-element_type=\"section\">\n\t\t\t\t\t\t<div class=\"elementor-container elementor-column-gap-default\">\n\t\t\t\t\t\t\t<div class=\"elementor-row\">\n\t\t\t\t\t<div class=\"elementor-column elementor-col-100 elementor-top-column elementor-element elementor-element-1d6acc4\" data-id=\"1d6acc4\" data-element_type=\"column\">\n\t\t\t<div class=\"elementor-column-wrap elementor-element-populated\">\n\t\t\t\t\t\t\t<div class=\"elementor-widget-wrap\">\n\t\t\t\t\t\t<div class=\"elementor-element elementor-element-49d04e7 elementor-widget elementor-widget-industrium_projects_listing\" data-id=\"49d04e7\" data-element_type=\"widget\" data-widget_type=\"industrium_projects_listing.default\">\n\t\t\t\t<div class=\"elementor-widget-container\">\n\t\t\t\n        <div class=\"industrium-projects-listing-widget\">\n\n            \n            \n            <div class=\"archive-listing\" data-ajax='{&quot;post_type&quot;:&quot;industrium_project&quot;,&quot;ignore_sticky_posts&quot;:true,&quot;suppress_filters&quot;:true,&quot;orderby&quot;:&quot;date&quot;,&quot;order&quot;:&quot;asc&quot;,&quot;link_base&quot;:&quot;https:\\\/\\\/www.defshell.it\\\/es\\\/wp-json\\\/wp\\\/v2\\\/pages\\\/18874&quot;,&quot;industrium_project_category&quot;:[&quot;ospedali-campali&quot;],&quot;posts_per_page&quot;:100,&quot;columns_number&quot;:2,&quot;paged&quot;:1}' data-widget='{&quot;item_class&quot;:&quot;project-item-wrapper&quot;,&quot;columns_number&quot;:2,&quot;listing_type&quot;:&quot;grid&quot;,&quot;text_position&quot;:&quot;inside&quot;,&quot;show_categories&quot;:&quot;&quot;,&quot;show_excerpt&quot;:&quot;yes&quot;,&quot;excerpt_length&quot;:71,&quot;show_read_more&quot;:&quot;&quot;,&quot;read_more_text&quot;:&quot;Read More&quot;}'>\n                <div class=\"archive-listing-wrapper project-listing-wrapper text-position-inside project-grid-listing columns-2\">\n                    \n<div class=\"project-item-wrapper post-17088 industrium_project type-industrium_project status-publish has-post-thumbnail hentry industrium_project_category-ospedali-campali\">\n    <div class=\"project-item\">\n        <a href=\"https:\/\/www.defshell.it\/es\/projects\/tende-pneumatiche\/\" class=\"project-item-link\">\n            <span class=\"project-item-media\"><img decoding=\"async\" alt=\"ewqq\" title=\"ewqq\" srcset=\"https:\/\/www.defshell.it\/wp-content\/uploads\/2023\/03\/ewqq-640x479.png 535w, https:\/\/www.defshell.it\/wp-content\/uploads\/2023\/03\/ewqq.png 951w, https:\/\/www.defshell.it\/wp-content\/uploads\/2023\/03\/ewqq.png 1170w\" sizes=\"(max-width: 575px) 535px, (max-width: 991px) 951px\" src=\"https:\/\/www.defshell.it\/wp-content\/uploads\/2023\/03\/ewqq.png\" class=\"attachment-industrium_project_grid_2_columns size-industrium_project_grid_2_columns wp-post-image\" \/><\/span><span class=\"project-item-content\"><span class=\"post-title\"><span>Joint Force Air Command and Control<\/span><\/span><span class=\"project-item-excerpt\">Dormitori, posti comando e ospedali da campo Composizione della fornitu<\/span><\/span>        <\/a>\n            <\/div>\n<\/div>\n<div class=\"project-item-wrapper post-15006 industrium_project type-industrium_project status-publish has-post-thumbnail hentry industrium_project_category-ospedali-campali\">\n    <div class=\"project-item\">\n        <a href=\"https:\/\/www.defshell.it\/es\/projects\/role-1-ospedale-campale\/\" class=\"project-item-link\">\n            <span class=\"project-item-media\"><img decoding=\"async\" alt=\"scegli-img\" title=\"scegli-img\" srcset=\"https:\/\/www.defshell.it\/wp-content\/uploads\/2023\/02\/scegli-img-640x479.png 535w, https:\/\/www.defshell.it\/wp-content\/uploads\/2023\/02\/scegli-img.png 951w, https:\/\/www.defshell.it\/wp-content\/uploads\/2023\/02\/scegli-img.png 1170w\" sizes=\"(max-width: 575px) 535px, (max-width: 991px) 951px\" src=\"https:\/\/www.defshell.it\/wp-content\/uploads\/2023\/02\/scegli-img.png\" class=\"attachment-industrium_project_grid_2_columns size-industrium_project_grid_2_columns wp-post-image\" \/><\/span><span class=\"project-item-content\"><span class=\"post-title\"><span>\u00abROLE 1\u00bb HOSPITAL DE CAMPA\u00d1A<\/span><\/span><span class=\"project-item-excerpt\">Composizione della fornitura: &nbsp; nr. 5 6\u00d76 tende Easy-fix in telo,<\/span><\/span>        <\/a>\n            <\/div>\n<\/div>\n<div class=\"project-item-wrapper post-15004 industrium_project type-industrium_project status-publish has-post-thumbnail hentry industrium_project_category-ospedali-campali\">\n    <div class=\"project-item\">\n        <a href=\"https:\/\/www.defshell.it\/es\/projects\/role-1-ospedale-campale-trasportabile-su-carrelli\/\" class=\"project-item-link\">\n            <span class=\"project-item-media\"><img decoding=\"async\" alt=\"bg-content-1\" title=\"bg-content-1\" srcset=\"https:\/\/www.defshell.it\/wp-content\/uploads\/2023\/02\/bg-content-1-640x479.png 535w, https:\/\/www.defshell.it\/wp-content\/uploads\/2023\/02\/bg-content-1-960x509.png 951w, https:\/\/www.defshell.it\/wp-content\/uploads\/2023\/02\/bg-content-1-960x509.png 1170w\" sizes=\"(max-width: 575px) 535px, (max-width: 991px) 951px\" src=\"https:\/\/www.defshell.it\/wp-content\/uploads\/2023\/02\/bg-content-1-960x509.png\" class=\"attachment-industrium_project_grid_2_columns size-industrium_project_grid_2_columns wp-post-image\" \/><\/span><span class=\"project-item-content\"><span class=\"post-title\"><span>\u00abROLE 1\u00bb  HOSPITAL DE CAMPA\u00d1A TRANSPORTABLE EN CARROS<\/span><\/span><span class=\"project-item-excerpt\">Composizione della fornitura: &nbsp; nr. 2 tende 6\u00d79 m connesse a croc<\/span><\/span>        <\/a>\n            <\/div>\n<\/div>                <\/div>\n\n                            <\/div>\n\n            \n        <\/div>\n        \t\t<\/div>\n\t\t\t\t<\/div>\n\t\t\t\t\t\t<\/div>\n\t\t\t\t\t<\/div>\n\t\t<\/div>\n\t\t\t\t\t\t\t\t<\/div>\n\t\t\t\t\t<\/div>\n\t\t<\/section>\n\t\t\t\t\t\t\t\t\t<\/div>\n\t\t\t<\/div>\n\t\t\t\t\t<\/div>","protected":false},"excerpt":{"rendered":"<p>Defshell &amp; Rescue \u00e8 leader nella fornitura di soluzioni avanzate per gli ospedali campali. La nostra gamma di prodotti comprende tende e strutture specializzate che sono state appositamente progettate per rispondere alle esigenze dei settori della Difesa e dell&#8217;Emergenza Civile. Con&#8230;<\/p>","protected":false},"author":1,"featured_media":0,"parent":0,"menu_order":0,"comment_status":"closed","ping_status":"closed","template":"","meta":[],"_links":{"self":[{"href":"https:\/\/www.defshell.it\/es\/wp-json\/wp\/v2\/pages\/18874"}],"collection":[{"href":"https:\/\/www.defshell.it\/es\/wp-json\/wp\/v2\/pages"}],"about":[{"href":"https:\/\/www.defshell.it\/es\/wp-json\/wp\/v2\/types\/page"}],"author":[{"embeddable":true,"href":"https:\/\/www.defshell.it\/es\/wp-json\/wp\/v2\/users\/1"}],"replies":[{"embeddable":true,"href":"https:\/\/www.defshell.it\/es\/wp-json\/wp\/v2\/comments?post=18874"}],"version-history":[{"count":26,"href":"https:\/\/www.defshell.it\/es\/wp-json\/wp\/v2\/pages\/18874\/revisions"}],"predecessor-version":[{"id":20035,"href":"https:\/\/www.defshell.it\/es\/wp-json\/wp\/v2\/pages\/18874\/revisions\/20035"}],"wp:attachment":[{"href":"https:\/\/www.defshell.it\/es\/wp-json\/wp\/v2\/media?parent=18874"}],"curies":[{"name":"wp","href":"https:\/\/api.w.org\/{rel}","templated":true}]}}