{"id":16102,"date":"2023-03-09T12:11:14","date_gmt":"2023-03-09T12:11:14","guid":{"rendered":"https:\/\/www.defshell.it\/?page_id=16102"},"modified":"2023-07-03T12:25:27","modified_gmt":"2023-07-03T12:25:27","slug":"impermeabilizzazioni-gallery","status":"publish","type":"page","link":"https:\/\/www.defshell.it\/es\/impermeabilizzazioni-gallery\/","title":{"rendered":"Galer\u00eda"},"content":{"rendered":"<div data-elementor-type=\"wp-page\" data-elementor-id=\"16102\" class=\"elementor elementor-16102\">\n\t\t\t\t\t\t<div class=\"elementor-inner\">\n\t\t\t\t<div class=\"elementor-section-wrap\">\n\t\t\t\t\t\t\t\t\t<section class=\"elementor-section elementor-top-section elementor-element elementor-element-d23972d elementor-section-full_width elementor-section-stretched elementor-section-height-default elementor-section-height-default\" data-id=\"d23972d\" data-element_type=\"section\" data-settings=\"{&quot;stretch_section&quot;:&quot;section-stretched&quot;,&quot;background_background&quot;:&quot;classic&quot;}\">\n\t\t\t\t\t\t<div class=\"elementor-container elementor-column-gap-no\">\n\t\t\t\t\t\t\t<div class=\"elementor-row\">\n\t\t\t\t\t<div class=\"elementor-column elementor-col-100 elementor-top-column elementor-element elementor-element-221ecdb2\" data-id=\"221ecdb2\" data-element_type=\"column\">\n\t\t\t<div class=\"elementor-column-wrap elementor-element-populated\">\n\t\t\t\t\t\t\t<div class=\"elementor-widget-wrap\">\n\t\t\t\t\t\t<div class=\"elementor-element elementor-element-3b1aad20 elementor-widget__width-initial elementor-absolute elementor-hidden-laptop elementor-hidden-tablet_extra elementor-hidden-tablet elementor-hidden-mobile_extra elementor-hidden-mobile elementor-widget elementor-widget-text-editor\" data-id=\"3b1aad20\" data-element_type=\"widget\" data-settings=\"{&quot;_position&quot;:&quot;absolute&quot;}\" data-widget_type=\"text-editor.default\">\n\t\t\t\t<div class=\"elementor-widget-container\">\n\t\t\t\t\t\t\t\t<div class=\"elementor-text-editor elementor-clearfix\">\n\t\t\t\t\t\t\t\t\t<\/div>\n\t\t\t\t\t\t<\/div>\n\t\t\t\t<\/div>\n\t\t\t\t<div class=\"elementor-element elementor-element-5d9f6fa8 elementor-absolute elementor-hidden-laptop elementor-hidden-tablet_extra elementor-hidden-tablet elementor-hidden-mobile_extra elementor-hidden-mobile decoration-type-1 elementor-widget elementor-widget-industrium_decoration\" data-id=\"5d9f6fa8\" data-element_type=\"widget\" data-settings=\"{&quot;_position&quot;:&quot;absolute&quot;}\" data-widget_type=\"industrium_decoration.default\">\n\t\t\t\t<div class=\"elementor-widget-container\">\n\t\t\t        <div class=\"decoration-widget\">\n            <div class=\"decoration-container\">\n                <div class=\"industrium-decoration\">\n                    <div><\/div><div><\/div><div><\/div>\n                <\/div>\n            <\/div>\n        <\/div>\n        \t\t<\/div>\n\t\t\t\t<\/div>\n\t\t\t\t<section class=\"elementor-section elementor-inner-section elementor-element elementor-element-56620139 elementor-section-boxed elementor-section-height-default elementor-section-height-default\" data-id=\"56620139\" data-element_type=\"section\">\n\t\t\t\t\t\t<div class=\"elementor-container elementor-column-gap-wide\">\n\t\t\t\t\t\t\t<div class=\"elementor-row\">\n\t\t\t\t\t<div class=\"elementor-column elementor-col-50 elementor-inner-column elementor-element elementor-element-523a0bb\" data-id=\"523a0bb\" data-element_type=\"column\">\n\t\t\t<div class=\"elementor-column-wrap elementor-element-populated\">\n\t\t\t\t\t\t\t<div class=\"elementor-widget-wrap\">\n\t\t\t\t\t\t<div class=\"elementor-element elementor-element-7e9a60ec elementor-widget elementor-widget-industrium_heading\" data-id=\"7e9a60ec\" data-element_type=\"widget\" data-widget_type=\"industrium_heading.default\">\n\t\t\t\t<div class=\"elementor-widget-container\">\n\t\t\t<div class=\"industrium-heading-widget\"><h2 class=\"industrium-heading\"><span class=\"industrium-subheading\">Defshell &amp; Rescue<\/span><span class=\"industrium-heading-content\">Galer\u00eda<\/span><\/h2><\/div>\t\t<\/div>\n\t\t\t\t<\/div>\n\t\t\t\t\t\t<\/div>\n\t\t\t\t\t<\/div>\n\t\t<\/div>\n\t\t\t\t<div class=\"elementor-column elementor-col-50 elementor-inner-column elementor-element elementor-element-601064f7\" data-id=\"601064f7\" data-element_type=\"column\">\n\t\t\t<div class=\"elementor-column-wrap elementor-element-populated\">\n\t\t\t\t\t\t\t<div class=\"elementor-widget-wrap\">\n\t\t\t\t\t\t<div class=\"elementor-element elementor-element-ab7e52b elementor-widget elementor-widget-text-editor\" data-id=\"ab7e52b\" data-element_type=\"widget\" data-widget_type=\"text-editor.default\">\n\t\t\t\t<div class=\"elementor-widget-container\">\n\t\t\t\t\t\t\t\t<div class=\"elementor-text-editor elementor-clearfix\">\n\t\t\t\t<p>Nuestros productos son una soluci\u00f3n innovadora para sistemas de campamento y hospitales, almacenes y talleres. Gracias a nuestros muchos a\u00f1os de experiencia y al compromiso constante con la investigaci\u00f3n y el desarrollo de productos, podemos ofrecer productos fiables y de alta calidad que le permitir\u00e1n conseguir una instalaci\u00f3n r\u00e1pida, eficiencia energ\u00e9tica y resistencia a la intemperie. Elija Defshell &amp; Rescue para obtener la m\u00e1xima eficiencia y seguridad, obtenga m\u00e1s informaci\u00f3n.<\/p>\t\t\t\t\t<\/div>\n\t\t\t\t\t\t<\/div>\n\t\t\t\t<\/div>\n\t\t\t\t\t\t<\/div>\n\t\t\t\t\t<\/div>\n\t\t<\/div>\n\t\t\t\t\t\t\t\t<\/div>\n\t\t\t\t\t<\/div>\n\t\t<\/section>\n\t\t\t\t\t\t<\/div>\n\t\t\t\t\t<\/div>\n\t\t<\/div>\n\t\t\t\t\t\t\t\t<\/div>\n\t\t\t\t\t<\/div>\n\t\t<\/section>\n\t\t\t\t<section class=\"elementor-section elementor-top-section elementor-element elementor-element-729f402 elementor-section-stretched elementor-section-boxed elementor-section-height-default elementor-section-height-default\" data-id=\"729f402\" data-element_type=\"section\" data-settings=\"{&quot;stretch_section&quot;:&quot;section-stretched&quot;}\">\n\t\t\t\t\t\t<div class=\"elementor-container elementor-column-gap-no\">\n\t\t\t\t\t\t\t<div class=\"elementor-row\">\n\t\t\t\t\t<div class=\"elementor-column elementor-col-100 elementor-top-column elementor-element elementor-element-351f9b6\" data-id=\"351f9b6\" data-element_type=\"column\">\n\t\t\t<div class=\"elementor-column-wrap elementor-element-populated\">\n\t\t\t\t\t\t\t<div class=\"elementor-widget-wrap\">\n\t\t\t\t\t\t<div class=\"elementor-element elementor-element-0ea7502 gallery-internal elementor-widget elementor-widget-image-gallery\" data-id=\"0ea7502\" data-element_type=\"widget\" data-widget_type=\"image-gallery.default\">\n\t\t\t\t<div class=\"elementor-widget-container\">\n\t\t\t\t\t<div class=\"elementor-image-gallery\">\n\t\t\t<div id='gallery-1' class='gallery galleryid-16102 gallery-columns-3 gallery-size-full'><figure class='gallery-item'>\n\t\t\t<div class='gallery-icon landscape'>\n\t\t\t\t<a data-elementor-open-lightbox=\"yes\" data-elementor-lightbox-slideshow=\"0ea7502\" data-elementor-lightbox-title=\"2-QUICKLY-SYSTEM-FIELD-TENT-2048x969\" data-e-action-hash=\"#elementor-action%3Aaction%3Dlightbox%26settings%3DeyJpZCI6MTkwOTMsInVybCI6Imh0dHBzOlwvXC93d3cuZGVmc2hlbGwuaXRcL3dwLWNvbnRlbnRcL3VwbG9hZHNcLzIwMjJcLzA4XC8yLVFVSUNLTFktU1lTVEVNLUZJRUxELVRFTlQtMjA0OHg5NjktMS1lMTY4NTUyMDk1MDkwMy5qcGciLCJzbGlkZXNob3ciOiIwZWE3NTAyIn0%3D\" href='https:\/\/www.defshell.it\/wp-content\/uploads\/2022\/08\/2-QUICKLY-SYSTEM-FIELD-TENT-2048x969-1-e1685520950903.jpg'><img width=\"2043\" height=\"536\" src=\"https:\/\/www.defshell.it\/wp-content\/uploads\/2022\/08\/2-QUICKLY-SYSTEM-FIELD-TENT-2048x969-1-e1685520950903.jpg\" class=\"attachment-full size-full\" alt=\"\" decoding=\"async\" loading=\"lazy\" srcset=\"https:\/\/www.defshell.it\/wp-content\/uploads\/2022\/08\/2-QUICKLY-SYSTEM-FIELD-TENT-2048x969-1-e1685520950903.jpg 2043w, https:\/\/www.defshell.it\/wp-content\/uploads\/2022\/08\/2-QUICKLY-SYSTEM-FIELD-TENT-2048x969-1-e1685520950903-300x79.jpg 300w, https:\/\/www.defshell.it\/wp-content\/uploads\/2022\/08\/2-QUICKLY-SYSTEM-FIELD-TENT-2048x969-1-e1685520950903-1024x269.jpg 1024w, https:\/\/www.defshell.it\/wp-content\/uploads\/2022\/08\/2-QUICKLY-SYSTEM-FIELD-TENT-2048x969-1-e1685520950903-768x201.jpg 768w, https:\/\/www.defshell.it\/wp-content\/uploads\/2022\/08\/2-QUICKLY-SYSTEM-FIELD-TENT-2048x969-1-e1685520950903-1536x403.jpg 1536w, https:\/\/www.defshell.it\/wp-content\/uploads\/2022\/08\/2-QUICKLY-SYSTEM-FIELD-TENT-2048x969-1-e1685520950903-600x157.jpg 600w\" sizes=\"(max-width: 2043px) 100vw, 2043px\" \/><\/a>\n\t\t\t<\/div><\/figure><figure class='gallery-item'>\n\t\t\t<div class='gallery-icon landscape'>\n\t\t\t\t<a data-elementor-open-lightbox=\"yes\" data-elementor-lightbox-slideshow=\"0ea7502\" data-elementor-lightbox-title=\"34\" data-e-action-hash=\"#elementor-action%3Aaction%3Dlightbox%26settings%3DeyJpZCI6MTkwOTEsInVybCI6Imh0dHBzOlwvXC93d3cuZGVmc2hlbGwuaXRcL3dwLWNvbnRlbnRcL3VwbG9hZHNcLzIwMjJcLzA4XC8zNC5wbmciLCJzbGlkZXNob3ciOiIwZWE3NTAyIn0%3D\" href='https:\/\/www.defshell.it\/wp-content\/uploads\/2022\/08\/34.png'><img width=\"849\" height=\"637\" src=\"https:\/\/www.defshell.it\/wp-content\/uploads\/2022\/08\/34.png\" class=\"attachment-full size-full\" alt=\"\" decoding=\"async\" loading=\"lazy\" srcset=\"https:\/\/www.defshell.it\/wp-content\/uploads\/2022\/08\/34.png 849w, https:\/\/www.defshell.it\/wp-content\/uploads\/2022\/08\/34-300x225.png 300w, https:\/\/www.defshell.it\/wp-content\/uploads\/2022\/08\/34-768x576.png 768w, https:\/\/www.defshell.it\/wp-content\/uploads\/2022\/08\/34-640x479.png 640w, https:\/\/www.defshell.it\/wp-content\/uploads\/2022\/08\/34-480x359.png 480w, https:\/\/www.defshell.it\/wp-content\/uploads\/2022\/08\/34-384x287.png 384w, https:\/\/www.defshell.it\/wp-content\/uploads\/2022\/08\/34-320x239.png 320w, https:\/\/www.defshell.it\/wp-content\/uploads\/2022\/08\/34-600x450.png 600w\" sizes=\"(max-width: 849px) 100vw, 849px\" \/><\/a>\n\t\t\t<\/div><\/figure><figure class='gallery-item'>\n\t\t\t<div class='gallery-icon landscape'>\n\t\t\t\t<a data-elementor-open-lightbox=\"yes\" data-elementor-lightbox-slideshow=\"0ea7502\" data-elementor-lightbox-title=\"13-JOINT-FORCE-AIR-COMPONENT-COMMAND\" data-e-action-hash=\"#elementor-action%3Aaction%3Dlightbox%26settings%3DeyJpZCI6MTkwOTAsInVybCI6Imh0dHBzOlwvXC93d3cuZGVmc2hlbGwuaXRcL3dwLWNvbnRlbnRcL3VwbG9hZHNcLzIwMjJcLzA4XC8xMy1KT0lOVC1GT1JDRS1BSVItQ09NUE9ORU5ULUNPTU1BTkQuanBnIiwic2xpZGVzaG93IjoiMGVhNzUwMiJ9\" href='https:\/\/www.defshell.it\/wp-content\/uploads\/2022\/08\/13-JOINT-FORCE-AIR-COMPONENT-COMMAND.jpg'><img width=\"1298\" height=\"810\" src=\"https:\/\/www.defshell.it\/wp-content\/uploads\/2022\/08\/13-JOINT-FORCE-AIR-COMPONENT-COMMAND.jpg\" class=\"attachment-full size-full\" alt=\"\" decoding=\"async\" loading=\"lazy\" srcset=\"https:\/\/www.defshell.it\/wp-content\/uploads\/2022\/08\/13-JOINT-FORCE-AIR-COMPONENT-COMMAND.jpg 1298w, https:\/\/www.defshell.it\/wp-content\/uploads\/2022\/08\/13-JOINT-FORCE-AIR-COMPONENT-COMMAND-300x187.jpg 300w, https:\/\/www.defshell.it\/wp-content\/uploads\/2022\/08\/13-JOINT-FORCE-AIR-COMPONENT-COMMAND-1024x639.jpg 1024w, https:\/\/www.defshell.it\/wp-content\/uploads\/2022\/08\/13-JOINT-FORCE-AIR-COMPONENT-COMMAND-768x479.jpg 768w, https:\/\/www.defshell.it\/wp-content\/uploads\/2022\/08\/13-JOINT-FORCE-AIR-COMPONENT-COMMAND-600x374.jpg 600w\" sizes=\"(max-width: 1298px) 100vw, 1298px\" \/><\/a>\n\t\t\t<\/div><\/figure><figure class='gallery-item'>\n\t\t\t<div class='gallery-icon portrait'>\n\t\t\t\t<a data-elementor-open-lightbox=\"yes\" data-elementor-lightbox-slideshow=\"0ea7502\" data-elementor-lightbox-title=\"about\" data-e-action-hash=\"#elementor-action%3Aaction%3Dlightbox%26settings%3DeyJpZCI6MTkwNjMsInVybCI6Imh0dHBzOlwvXC93d3cuZGVmc2hlbGwuaXRcL3dwLWNvbnRlbnRcL3VwbG9hZHNcLzIwMjNcLzA1XC9hYm91dC5wbmciLCJzbGlkZXNob3ciOiIwZWE3NTAyIn0%3D\" href='https:\/\/www.defshell.it\/wp-content\/uploads\/2023\/05\/about.png'><img width=\"480\" height=\"540\" src=\"https:\/\/www.defshell.it\/wp-content\/uploads\/2023\/05\/about.png\" class=\"attachment-full size-full\" alt=\"\" decoding=\"async\" loading=\"lazy\" srcset=\"https:\/\/www.defshell.it\/wp-content\/uploads\/2023\/05\/about.png 480w, https:\/\/www.defshell.it\/wp-content\/uploads\/2023\/05\/about-267x300.png 267w\" sizes=\"(max-width: 480px) 100vw, 480px\" \/><\/a>\n\t\t\t<\/div><\/figure><figure class='gallery-item'>\n\t\t\t<div class='gallery-icon landscape'>\n\t\t\t\t<a data-elementor-open-lightbox=\"yes\" data-elementor-lightbox-slideshow=\"0ea7502\" data-elementor-lightbox-title=\"7_MULTIPURPOSE_15M_2015-C23-min\" data-e-action-hash=\"#elementor-action%3Aaction%3Dlightbox%26settings%3DeyJpZCI6MTkwNTksInVybCI6Imh0dHBzOlwvXC93d3cuZGVmc2hlbGwuaXRcL3dwLWNvbnRlbnRcL3VwbG9hZHNcLzIwMjNcLzA1XC83X01VTFRJUFVSUE9TRV8xNU1fMjAxNS1DMjMtbWluLmpwZyIsInNsaWRlc2hvdyI6IjBlYTc1MDIifQ%3D%3D\" href='https:\/\/www.defshell.it\/wp-content\/uploads\/2023\/05\/7_MULTIPURPOSE_15M_2015-C23-min.jpg'><img width=\"1280\" height=\"960\" src=\"https:\/\/www.defshell.it\/wp-content\/uploads\/2023\/05\/7_MULTIPURPOSE_15M_2015-C23-min.jpg\" class=\"attachment-full size-full\" alt=\"\" decoding=\"async\" loading=\"lazy\" srcset=\"https:\/\/www.defshell.it\/wp-content\/uploads\/2023\/05\/7_MULTIPURPOSE_15M_2015-C23-min.jpg 1280w, https:\/\/www.defshell.it\/wp-content\/uploads\/2023\/05\/7_MULTIPURPOSE_15M_2015-C23-min-300x225.jpg 300w, https:\/\/www.defshell.it\/wp-content\/uploads\/2023\/05\/7_MULTIPURPOSE_15M_2015-C23-min-1024x768.jpg 1024w, https:\/\/www.defshell.it\/wp-content\/uploads\/2023\/05\/7_MULTIPURPOSE_15M_2015-C23-min-768x576.jpg 768w, https:\/\/www.defshell.it\/wp-content\/uploads\/2023\/05\/7_MULTIPURPOSE_15M_2015-C23-min-960x720.jpg 960w, https:\/\/www.defshell.it\/wp-content\/uploads\/2023\/05\/7_MULTIPURPOSE_15M_2015-C23-min-640x479.jpg 640w, https:\/\/www.defshell.it\/wp-content\/uploads\/2023\/05\/7_MULTIPURPOSE_15M_2015-C23-min-480x359.jpg 480w, https:\/\/www.defshell.it\/wp-content\/uploads\/2023\/05\/7_MULTIPURPOSE_15M_2015-C23-min-384x287.jpg 384w, https:\/\/www.defshell.it\/wp-content\/uploads\/2023\/05\/7_MULTIPURPOSE_15M_2015-C23-min-320x239.jpg 320w, https:\/\/www.defshell.it\/wp-content\/uploads\/2023\/05\/7_MULTIPURPOSE_15M_2015-C23-min-600x450.jpg 600w\" sizes=\"(max-width: 1280px) 100vw, 1280px\" \/><\/a>\n\t\t\t<\/div><\/figure><figure class='gallery-item'>\n\t\t\t<div class='gallery-icon landscape'>\n\t\t\t\t<a data-elementor-open-lightbox=\"yes\" data-elementor-lightbox-slideshow=\"0ea7502\" data-elementor-lightbox-title=\"gzkdn\" data-e-action-hash=\"#elementor-action%3Aaction%3Dlightbox%26settings%3DeyJpZCI6MTkxMjUsInVybCI6Imh0dHBzOlwvXC93d3cuZGVmc2hlbGwuaXRcL3dwLWNvbnRlbnRcL3VwbG9hZHNcLzIwMjNcLzAzXC9nemtkbi5wbmciLCJzbGlkZXNob3ciOiIwZWE3NTAyIn0%3D\" href='https:\/\/www.defshell.it\/wp-content\/uploads\/2023\/03\/gzkdn.png'><img width=\"974\" height=\"641\" src=\"https:\/\/www.defshell.it\/wp-content\/uploads\/2023\/03\/gzkdn.png\" class=\"attachment-full size-full\" alt=\"\" decoding=\"async\" loading=\"lazy\" srcset=\"https:\/\/www.defshell.it\/wp-content\/uploads\/2023\/03\/gzkdn.png 974w, https:\/\/www.defshell.it\/wp-content\/uploads\/2023\/03\/gzkdn-300x197.png 300w, https:\/\/www.defshell.it\/wp-content\/uploads\/2023\/03\/gzkdn-768x505.png 768w, https:\/\/www.defshell.it\/wp-content\/uploads\/2023\/03\/gzkdn-600x395.png 600w\" sizes=\"(max-width: 974px) 100vw, 974px\" \/><\/a>\n\t\t\t<\/div><\/figure><figure class='gallery-item'>\n\t\t\t<div class='gallery-icon landscape'>\n\t\t\t\t<a data-elementor-open-lightbox=\"yes\" data-elementor-lightbox-slideshow=\"0ea7502\" data-elementor-lightbox-title=\"Seef\" data-e-action-hash=\"#elementor-action%3Aaction%3Dlightbox%26settings%3DeyJpZCI6MTkxMjIsInVybCI6Imh0dHBzOlwvXC93d3cuZGVmc2hlbGwuaXRcL3dwLWNvbnRlbnRcL3VwbG9hZHNcLzIwMjNcLzAzXC9TZWVmLnBuZyIsInNsaWRlc2hvdyI6IjBlYTc1MDIifQ%3D%3D\" href='https:\/\/www.defshell.it\/wp-content\/uploads\/2023\/03\/Seef.png'><img width=\"1235\" height=\"518\" src=\"https:\/\/www.defshell.it\/wp-content\/uploads\/2023\/03\/Seef.png\" class=\"attachment-full size-full\" alt=\"\" decoding=\"async\" loading=\"lazy\" srcset=\"https:\/\/www.defshell.it\/wp-content\/uploads\/2023\/03\/Seef.png 1235w, https:\/\/www.defshell.it\/wp-content\/uploads\/2023\/03\/Seef-300x126.png 300w, https:\/\/www.defshell.it\/wp-content\/uploads\/2023\/03\/Seef-1024x429.png 1024w, https:\/\/www.defshell.it\/wp-content\/uploads\/2023\/03\/Seef-768x322.png 768w, https:\/\/www.defshell.it\/wp-content\/uploads\/2023\/03\/Seef-600x252.png 600w\" sizes=\"(max-width: 1235px) 100vw, 1235px\" \/><\/a>\n\t\t\t<\/div><\/figure><figure class='gallery-item'>\n\t\t\t<div class='gallery-icon landscape'>\n\t\t\t\t<a data-elementor-open-lightbox=\"yes\" data-elementor-lightbox-slideshow=\"0ea7502\" data-elementor-lightbox-title=\"werfwf\" data-e-action-hash=\"#elementor-action%3Aaction%3Dlightbox%26settings%3DeyJpZCI6MTkxMjEsInVybCI6Imh0dHBzOlwvXC93d3cuZGVmc2hlbGwuaXRcL3dwLWNvbnRlbnRcL3VwbG9hZHNcLzIwMjNcLzAzXC93ZXJmd2YucG5nIiwic2xpZGVzaG93IjoiMGVhNzUwMiJ9\" href='https:\/\/www.defshell.it\/wp-content\/uploads\/2023\/03\/werfwf.png'><img width=\"1554\" height=\"466\" src=\"https:\/\/www.defshell.it\/wp-content\/uploads\/2023\/03\/werfwf.png\" class=\"attachment-full size-full\" alt=\"\" decoding=\"async\" loading=\"lazy\" srcset=\"https:\/\/www.defshell.it\/wp-content\/uploads\/2023\/03\/werfwf.png 1554w, https:\/\/www.defshell.it\/wp-content\/uploads\/2023\/03\/werfwf-300x90.png 300w, https:\/\/www.defshell.it\/wp-content\/uploads\/2023\/03\/werfwf-1024x307.png 1024w, https:\/\/www.defshell.it\/wp-content\/uploads\/2023\/03\/werfwf-768x230.png 768w, https:\/\/www.defshell.it\/wp-content\/uploads\/2023\/03\/werfwf-1536x461.png 1536w, https:\/\/www.defshell.it\/wp-content\/uploads\/2023\/03\/werfwf-600x180.png 600w\" sizes=\"(max-width: 1554px) 100vw, 1554px\" \/><\/a>\n\t\t\t<\/div><\/figure><figure class='gallery-item'>\n\t\t\t<div class='gallery-icon landscape'>\n\t\t\t\t<a data-elementor-open-lightbox=\"yes\" data-elementor-lightbox-slideshow=\"0ea7502\" data-elementor-lightbox-title=\"MMTS-PV-a-terra-pronti-montaggio-1-2048x1365\" data-e-action-hash=\"#elementor-action%3Aaction%3Dlightbox%26settings%3DeyJpZCI6MTkxNTAsInVybCI6Imh0dHBzOlwvXC93d3cuZGVmc2hlbGwuaXRcL3dwLWNvbnRlbnRcL3VwbG9hZHNcLzIwMjNcLzA1XC9NTVRTLVBWLWEtdGVycmEtcHJvbnRpLW1vbnRhZ2dpby0xLTIwNDh4MTM2NS0xLmpwZyIsInNsaWRlc2hvdyI6IjBlYTc1MDIifQ%3D%3D\" href='https:\/\/www.defshell.it\/wp-content\/uploads\/2023\/05\/MMTS-PV-a-terra-pronti-montaggio-1-2048x1365-1.jpg'><img width=\"2048\" height=\"1365\" src=\"https:\/\/www.defshell.it\/wp-content\/uploads\/2023\/05\/MMTS-PV-a-terra-pronti-montaggio-1-2048x1365-1.jpg\" class=\"attachment-full size-full\" alt=\"\" decoding=\"async\" loading=\"lazy\" srcset=\"https:\/\/www.defshell.it\/wp-content\/uploads\/2023\/05\/MMTS-PV-a-terra-pronti-montaggio-1-2048x1365-1.jpg 2048w, https:\/\/www.defshell.it\/wp-content\/uploads\/2023\/05\/MMTS-PV-a-terra-pronti-montaggio-1-2048x1365-1-300x200.jpg 300w, https:\/\/www.defshell.it\/wp-content\/uploads\/2023\/05\/MMTS-PV-a-terra-pronti-montaggio-1-2048x1365-1-1024x683.jpg 1024w, https:\/\/www.defshell.it\/wp-content\/uploads\/2023\/05\/MMTS-PV-a-terra-pronti-montaggio-1-2048x1365-1-768x512.jpg 768w, https:\/\/www.defshell.it\/wp-content\/uploads\/2023\/05\/MMTS-PV-a-terra-pronti-montaggio-1-2048x1365-1-1536x1024.jpg 1536w, https:\/\/www.defshell.it\/wp-content\/uploads\/2023\/05\/MMTS-PV-a-terra-pronti-montaggio-1-2048x1365-1-600x400.jpg 600w\" sizes=\"(max-width: 2048px) 100vw, 2048px\" \/><\/a>\n\t\t\t<\/div><\/figure><figure class='gallery-item'>\n\t\t\t<div class='gallery-icon landscape'>\n\t\t\t\t<a data-elementor-open-lightbox=\"yes\" data-elementor-lightbox-slideshow=\"0ea7502\" data-elementor-lightbox-title=\"bg-content-1\" data-e-action-hash=\"#elementor-action%3Aaction%3Dlightbox%26settings%3DeyJpZCI6MTkxMzcsInVybCI6Imh0dHBzOlwvXC93d3cuZGVmc2hlbGwuaXRcL3dwLWNvbnRlbnRcL3VwbG9hZHNcLzIwMjNcLzAyXC9iZy1jb250ZW50LTEucG5nIiwic2xpZGVzaG93IjoiMGVhNzUwMiJ9\" href='https:\/\/www.defshell.it\/wp-content\/uploads\/2023\/02\/bg-content-1.png'><img width=\"1920\" height=\"509\" src=\"https:\/\/www.defshell.it\/wp-content\/uploads\/2023\/02\/bg-content-1.png\" class=\"attachment-full size-full\" alt=\"\" decoding=\"async\" loading=\"lazy\" srcset=\"https:\/\/www.defshell.it\/wp-content\/uploads\/2023\/02\/bg-content-1.png 1920w, https:\/\/www.defshell.it\/wp-content\/uploads\/2023\/02\/bg-content-1-300x80.png 300w, https:\/\/www.defshell.it\/wp-content\/uploads\/2023\/02\/bg-content-1-1024x271.png 1024w, https:\/\/www.defshell.it\/wp-content\/uploads\/2023\/02\/bg-content-1-768x204.png 768w, https:\/\/www.defshell.it\/wp-content\/uploads\/2023\/02\/bg-content-1-1536x407.png 1536w, https:\/\/www.defshell.it\/wp-content\/uploads\/2023\/02\/bg-content-1-600x159.png 600w\" sizes=\"(max-width: 1920px) 100vw, 1920px\" \/><\/a>\n\t\t\t<\/div><\/figure><figure class='gallery-item'>\n\t\t\t<div class='gallery-icon landscape'>\n\t\t\t\t<a data-elementor-open-lightbox=\"yes\" data-elementor-lightbox-slideshow=\"0ea7502\" data-elementor-lightbox-title=\"ewqq\" data-e-action-hash=\"#elementor-action%3Aaction%3Dlightbox%26settings%3DeyJpZCI6MTkxMzYsInVybCI6Imh0dHBzOlwvXC93d3cuZGVmc2hlbGwuaXRcL3dwLWNvbnRlbnRcL3VwbG9hZHNcLzIwMjNcLzAzXC9ld3FxLnBuZyIsInNsaWRlc2hvdyI6IjBlYTc1MDIifQ%3D%3D\" href='https:\/\/www.defshell.it\/wp-content\/uploads\/2023\/03\/ewqq.png'><img width=\"818\" height=\"577\" src=\"https:\/\/www.defshell.it\/wp-content\/uploads\/2023\/03\/ewqq.png\" class=\"attachment-full size-full\" alt=\"\" decoding=\"async\" loading=\"lazy\" srcset=\"https:\/\/www.defshell.it\/wp-content\/uploads\/2023\/03\/ewqq.png 818w, https:\/\/www.defshell.it\/wp-content\/uploads\/2023\/03\/ewqq-300x212.png 300w, https:\/\/www.defshell.it\/wp-content\/uploads\/2023\/03\/ewqq-768x542.png 768w, https:\/\/www.defshell.it\/wp-content\/uploads\/2023\/03\/ewqq-600x423.png 600w\" sizes=\"(max-width: 818px) 100vw, 818px\" \/><\/a>\n\t\t\t<\/div><\/figure><figure class='gallery-item'>\n\t\t\t<div class='gallery-icon landscape'>\n\t\t\t\t<a data-elementor-open-lightbox=\"yes\" data-elementor-lightbox-slideshow=\"0ea7502\" data-elementor-lightbox-title=\"scegli-img\" data-e-action-hash=\"#elementor-action%3Aaction%3Dlightbox%26settings%3DeyJpZCI6MTkxMzUsInVybCI6Imh0dHBzOlwvXC93d3cuZGVmc2hlbGwuaXRcL3dwLWNvbnRlbnRcL3VwbG9hZHNcLzIwMjNcLzAyXC9zY2VnbGktaW1nLnBuZyIsInNsaWRlc2hvdyI6IjBlYTc1MDIifQ%3D%3D\" href='https:\/\/www.defshell.it\/wp-content\/uploads\/2023\/02\/scegli-img.png'><img width=\"845\" height=\"598\" src=\"https:\/\/www.defshell.it\/wp-content\/uploads\/2023\/02\/scegli-img.png\" class=\"attachment-full size-full\" alt=\"\" decoding=\"async\" loading=\"lazy\" srcset=\"https:\/\/www.defshell.it\/wp-content\/uploads\/2023\/02\/scegli-img.png 845w, https:\/\/www.defshell.it\/wp-content\/uploads\/2023\/02\/scegli-img-300x212.png 300w, https:\/\/www.defshell.it\/wp-content\/uploads\/2023\/02\/scegli-img-768x544.png 768w, https:\/\/www.defshell.it\/wp-content\/uploads\/2023\/02\/scegli-img-600x425.png 600w\" sizes=\"(max-width: 845px) 100vw, 845px\" \/><\/a>\n\t\t\t<\/div><\/figure>\n\t\t<\/div>\n\t\t<\/div>\n\t\t\t\t<\/div>\n\t\t\t\t<\/div>\n\t\t\t\t\t\t<\/div>\n\t\t\t\t\t<\/div>\n\t\t<\/div>\n\t\t\t\t\t\t\t\t<\/div>\n\t\t\t\t\t<\/div>\n\t\t<\/section>\n\t\t\t\t\t\t\t\t\t<\/div>\n\t\t\t<\/div>\n\t\t\t\t\t<\/div>","protected":false},"excerpt":{"rendered":"<p>I nostri prodotti rappresentano un&#8217;innovativa soluzione per sistemi e ospedali campali, magazzini e officine. Grazie alla nostra esperienza pluriennale e all&#8217;impegno costante nella ricerca e sviluppo del nostro prodotto, siamo in grado di offrire prodotti di alta qualit\u00e0 e affidabilit\u00e0, che&#8230;<\/p>","protected":false},"author":1,"featured_media":0,"parent":0,"menu_order":0,"comment_status":"closed","ping_status":"closed","template":"","meta":[],"_links":{"self":[{"href":"https:\/\/www.defshell.it\/es\/wp-json\/wp\/v2\/pages\/16102"}],"collection":[{"href":"https:\/\/www.defshell.it\/es\/wp-json\/wp\/v2\/pages"}],"about":[{"href":"https:\/\/www.defshell.it\/es\/wp-json\/wp\/v2\/types\/page"}],"author":[{"embeddable":true,"href":"https:\/\/www.defshell.it\/es\/wp-json\/wp\/v2\/users\/1"}],"replies":[{"embeddable":true,"href":"https:\/\/www.defshell.it\/es\/wp-json\/wp\/v2\/comments?post=16102"}],"version-history":[{"count":57,"href":"https:\/\/www.defshell.it\/es\/wp-json\/wp\/v2\/pages\/16102\/revisions"}],"predecessor-version":[{"id":19439,"href":"https:\/\/www.defshell.it\/es\/wp-json\/wp\/v2\/pages\/16102\/revisions\/19439"}],"wp:attachment":[{"href":"https:\/\/www.defshell.it\/es\/wp-json\/wp\/v2\/media?parent=16102"}],"curies":[{"name":"wp","href":"https:\/\/api.w.org\/{rel}","templated":true}]}}